{"id":8,"date":"2013-09-09T13:22:48","date_gmt":"2013-09-09T12:22:48","guid":{"rendered":"http:\/\/www.almateon.com\/blog\/?page_id=8"},"modified":"2017-03-21T14:10:22","modified_gmt":"2017-03-21T13:10:22","slug":"a-propos","status":"publish","type":"page","link":"https:\/\/www.almateon.com\/blog\/a-propos\/","title":{"rendered":"A propos"},"content":{"rendered":"<h2>La soci\u00e9t\u00e9<\/h2>\n<p>Bienvenue sur la partie blog et communautaire de la boutique en ligne <a title=\"Boutique Almateon.com\" href=\"http:\/\/www.almateon.com\/\">Almateon.com<\/a>.<\/p>\n<p>Rejoignez-nous pour <strong>d\u00e9couvrir les derni\u00e8res tendances en vogue et les produits les plus innovants pour votre jardin<\/strong>. Nous vous proposons \u00e9galement les derni\u00e8res informations pour ne rien louper de l&rsquo;actualit\u00e9 jardin. Notre agenda vous permettra \u00e9galement d&rsquo;\u00eatre tenu au courant des prochains salons et \u00e9v\u00e9nements \u00e0 ne pas manquer pour celles et ceux qui d\u00e9sirent d\u00e9nicher en avant-premi\u00e8re des produits au style novateur.<\/p>\n","protected":false},"excerpt":{"rendered":"<p>La soci\u00e9t\u00e9 Bienvenue sur la partie blog et communautaire de la boutique en ligne Almateon.com. Rejoignez-nous pour d\u00e9couvrir les derni\u00e8res tendances en vogue et les produits les plus innovants pour votre jardin. Nous vous proposons \u00e9galement les derni\u00e8res informations pour<span class=\"ellipsis\">&hellip;<\/span><\/p>\n<div class=\"read-more\"><a href=\"https:\/\/www.almateon.com\/blog\/a-propos\/\">Lire la suite &#8250;<\/a><\/div>\n<p><!-- end of .read-more --><\/p>\n","protected":false},"author":10,"featured_media":0,"parent":0,"menu_order":0,"comment_status":"closed","ping_status":"closed","template":"full-width-page.php","meta":[],"_links":{"self":[{"href":"https:\/\/www.almateon.com\/blog\/wp-json\/wp\/v2\/pages\/8"}],"collection":[{"href":"https:\/\/www.almateon.com\/blog\/wp-json\/wp\/v2\/pages"}],"about":[{"href":"https:\/\/www.almateon.com\/blog\/wp-json\/wp\/v2\/types\/page"}],"author":[{"embeddable":true,"href":"https:\/\/www.almateon.com\/blog\/wp-json\/wp\/v2\/users\/10"}],"replies":[{"embeddable":true,"href":"https:\/\/www.almateon.com\/blog\/wp-json\/wp\/v2\/comments?post=8"}],"version-history":[{"count":5,"href":"https:\/\/www.almateon.com\/blog\/wp-json\/wp\/v2\/pages\/8\/revisions"}],"predecessor-version":[{"id":1235,"href":"https:\/\/www.almateon.com\/blog\/wp-json\/wp\/v2\/pages\/8\/revisions\/1235"}],"wp:attachment":[{"href":"https:\/\/www.almateon.com\/blog\/wp-json\/wp\/v2\/media?parent=8"}],"curies":[{"name":"wp","href":"https:\/\/api.w.org\/{rel}","templated":true}]}}