{"id":11,"date":"2013-09-09T13:26:15","date_gmt":"2013-09-09T12:26:15","guid":{"rendered":"http:\/\/www.almateon.com\/blog\/?page_id=11"},"modified":"2013-09-09T13:26:53","modified_gmt":"2013-09-09T12:26:53","slug":"contact","status":"publish","type":"page","link":"https:\/\/www.almateon.com\/blog\/contact\/","title":{"rendered":"Contact"},"content":{"rendered":"<div class=\"wpcf7\" id=\"wpcf7-f4-p11-o1\"><form action=\"\/blog\/wp-json\/wp\/v2\/pages\/11#wpcf7-f4-p11-o1\" method=\"post\" class=\"wpcf7-form\" novalidate=\"novalidate\">\n<div style=\"display: none;\">\n<input type=\"hidden\" name=\"_wpcf7\" value=\"4\" \/>\n<input type=\"hidden\" name=\"_wpcf7_version\" value=\"3.5.3\" \/>\n<input type=\"hidden\" name=\"_wpcf7_locale\" value=\"fr_FR\" \/>\n<input type=\"hidden\" name=\"_wpcf7_unit_tag\" value=\"wpcf7-f4-p11-o1\" \/>\n<input type=\"hidden\" name=\"_wpnonce\" value=\"dce8904b82\" \/>\n<\/div>\n<p>Votre nom (obligatoire)<br \/>\n    <span class=\"wpcf7-form-control-wrap your-name\"><input type=\"text\" name=\"your-name\" value=\"\" size=\"40\" class=\"wpcf7-form-control wpcf7-text wpcf7-validates-as-required\" aria-required=\"true\" \/><\/span> <\/p>\n<p>Votre email (obligatoire)<br \/>\n    <span class=\"wpcf7-form-control-wrap your-email\"><input type=\"email\" name=\"your-email\" value=\"\" size=\"40\" class=\"wpcf7-form-control wpcf7-text wpcf7-email wpcf7-validates-as-required wpcf7-validates-as-email\" aria-required=\"true\" \/><\/span> <\/p>\n<p>Sujet<br \/>\n    <span class=\"wpcf7-form-control-wrap your-subject\"><input type=\"text\" name=\"your-subject\" value=\"\" size=\"40\" class=\"wpcf7-form-control wpcf7-text\" \/><\/span> <\/p>\n<p>Votre message<br \/>\n    <span class=\"wpcf7-form-control-wrap your-message\"><textarea name=\"your-message\" cols=\"40\" rows=\"10\" class=\"wpcf7-form-control wpcf7-textarea\"><\/textarea><\/span> <\/p>\n<p>V\u00e9rification de s\u00e9curit\u00e9<br \/>\n   <input type=\"hidden\" name=\"_wpcf7_captcha_challenge_captcha-607\" value=\"1688268329\" \/><img class=\"wpcf7-form-control wpcf7-captchac wpcf7-captcha-captcha-607\" width=\"84\" height=\"28\" alt=\"captcha\" src=\"http:\/\/www.almateon.com\/blog\/wp-content\/uploads\/wpcf7_captcha\/1688268329.png\" \/> <br \/>\n   Recopiez les caract\u00e8res ci-dessus : <span class=\"wpcf7-form-control-wrap captcha-607\"><input type=\"text\" name=\"captcha-607\" value=\"\" size=\"40\" class=\"wpcf7-form-control wpcf7-captchar\" \/><\/span> <\/p>\n<p><input type=\"submit\" value=\"Envoyer\" class=\"wpcf7-form-control wpcf7-submit\" \/><\/p>\n<div class=\"wpcf7-response-output wpcf7-display-none\"><\/div><\/form><\/div>\n","protected":false},"excerpt":{"rendered":"","protected":false},"author":10,"featured_media":0,"parent":0,"menu_order":0,"comment_status":"closed","ping_status":"closed","template":"full-width-page.php","meta":[],"_links":{"self":[{"href":"https:\/\/www.almateon.com\/blog\/wp-json\/wp\/v2\/pages\/11"}],"collection":[{"href":"https:\/\/www.almateon.com\/blog\/wp-json\/wp\/v2\/pages"}],"about":[{"href":"https:\/\/www.almateon.com\/blog\/wp-json\/wp\/v2\/types\/page"}],"author":[{"embeddable":true,"href":"https:\/\/www.almateon.com\/blog\/wp-json\/wp\/v2\/users\/10"}],"replies":[{"embeddable":true,"href":"https:\/\/www.almateon.com\/blog\/wp-json\/wp\/v2\/comments?post=11"}],"version-history":[{"count":1,"href":"https:\/\/www.almateon.com\/blog\/wp-json\/wp\/v2\/pages\/11\/revisions"}],"predecessor-version":[{"id":12,"href":"https:\/\/www.almateon.com\/blog\/wp-json\/wp\/v2\/pages\/11\/revisions\/12"}],"wp:attachment":[{"href":"https:\/\/www.almateon.com\/blog\/wp-json\/wp\/v2\/media?parent=11"}],"curies":[{"name":"wp","href":"https:\/\/api.w.org\/{rel}","templated":true}]}}